{"id":682,"date":"2021-12-20T09:17:56","date_gmt":"2021-12-20T08:17:56","guid":{"rendered":"http:\/\/www.biobrueder.de\/?page_id=682"},"modified":"2025-03-16T15:05:57","modified_gmt":"2025-03-16T14:05:57","slug":"impressum","status":"publish","type":"page","link":"https:\/\/www.biobrueder.de\/?page_id=682","title":{"rendered":"Impressum"},"content":{"rendered":"<div id=\"pl-682\"  class=\"panel-layout\" ><div id=\"pg-682-0\"  class=\"panel-grid panel-no-style\" ><div id=\"pgc-682-0-0\"  class=\"panel-grid-cell\" ><div id=\"panel-682-0-0-0\" class=\"so-panel widget widget_sow-editor panel-first-child panel-last-child\" data-index=\"0\" ><div\n\t\t\t\n\t\t\tclass=\"so-widget-sow-editor so-widget-sow-editor-base\"\n\t\t\t\n\t\t>\n<div class=\"siteorigin-widget-tinymce textwidget\">\n\t<p>BioBr\u00fcder Heimann GbR<\/p>\n<p>Elmar & Christoph Heimann<br \/>\nBergstra\u00dfe 59, 45665 Recklinghausen<\/p>\n<p>E-Mail: info@lw-heimann.de<\/p>\n<p>Verantwortlich f\u00fcr den Inhalt gem. \u00a7 55 Abs. 2 RStV:<\/p>\n<p>Elmar & Christoph Heimann<br \/>\nBergstra\u00dfe 59, 45665 Recklinghausen<\/p>\n<p>Bildrechte:<br \/>\nElmar & Christoph Heimann<br \/>\nBergstra\u00dfe 59, 45665 Recklinghausen<br \/>\npixaby.com<\/p>\n<p>Wir nehmen nicht an einem Streitbeilegungsverfahren vor einer Verbraucherschlichtungsstelle teil.<\/p>\n<\/div>\n<\/div><\/div><\/div><\/div><\/div>","protected":false},"excerpt":{"rendered":"<p>BioBr\u00fcder Heimann GbR Elmar &#038; Christoph Heimann Bergstra\u00dfe 59, 45665 Recklinghausen E-Mail: info@lw-heimann.de Verantwortlich f\u00fcr den Inhalt gem. \u00a7 55 [&hellip;]<\/p>\n","protected":false},"author":1,"featured_media":0,"parent":0,"menu_order":0,"comment_status":"closed","ping_status":"closed","template":"","meta":{"site-sidebar-layout":"default","site-content-layout":"default","ast-site-content-layout":"default","site-content-style":"default","site-sidebar-style":"default","ast-global-header-display":"","ast-banner-title-visibility":"","ast-main-header-display":"","ast-hfb-above-header-display":"","ast-hfb-below-header-display":"","ast-hfb-mobile-header-display":"","site-post-title":"disabled","ast-breadcrumbs-content":"","ast-featured-img":"","footer-sml-layout":"","theme-transparent-header-meta":"default","adv-header-id-meta":"","stick-header-meta":"","header-above-stick-meta":"","header-main-stick-meta":"","header-below-stick-meta":"","astra-migrate-meta-layouts":"set","ast-page-background-enabled":"default","ast-page-background-meta":{"desktop":{"background-color":"var(--ast-global-color-4)","background-image":"","background-repeat":"repeat","background-position":"center center","background-size":"auto","background-attachment":"scroll","background-type":"","background-media":"","overlay-type":"","overlay-color":"","overlay-opacity":"","overlay-gradient":""},"tablet":{"background-color":"","background-image":"","background-repeat":"repeat","background-position":"center center","background-size":"auto","background-attachment":"scroll","background-type":"","background-media":"","overlay-type":"","overlay-color":"","overlay-opacity":"","overlay-gradient":""},"mobile":{"background-color":"","background-image":"","background-repeat":"repeat","background-position":"center center","background-size":"auto","background-attachment":"scroll","background-type":"","background-media":"","overlay-type":"","overlay-color":"","overlay-opacity":"","overlay-gradient":""}},"ast-content-background-meta":{"desktop":{"background-color":"var(--ast-global-color-5)","background-image":"","background-repeat":"repeat","background-position":"center center","background-size":"auto","background-attachment":"scroll","background-type":"","background-media":"","overlay-type":"","overlay-color":"","overlay-opacity":"","overlay-gradient":""},"tablet":{"background-color":"var(--ast-global-color-5)","background-image":"","background-repeat":"repeat","background-position":"center center","background-size":"auto","background-attachment":"scroll","background-type":"","background-media":"","overlay-type":"","overlay-color":"","overlay-opacity":"","overlay-gradient":""},"mobile":{"background-color":"var(--ast-global-color-5)","background-image":"","background-repeat":"repeat","background-position":"center center","background-size":"auto","background-attachment":"scroll","background-type":"","background-media":"","overlay-type":"","overlay-color":"","overlay-opacity":"","overlay-gradient":""}},"footnotes":""},"class_list":["post-682","page","type-page","status-publish","hentry"],"_links":{"self":[{"href":"https:\/\/www.biobrueder.de\/index.php?rest_route=\/wp\/v2\/pages\/682","targetHints":{"allow":["GET"]}}],"collection":[{"href":"https:\/\/www.biobrueder.de\/index.php?rest_route=\/wp\/v2\/pages"}],"about":[{"href":"https:\/\/www.biobrueder.de\/index.php?rest_route=\/wp\/v2\/types\/page"}],"author":[{"embeddable":true,"href":"https:\/\/www.biobrueder.de\/index.php?rest_route=\/wp\/v2\/users\/1"}],"replies":[{"embeddable":true,"href":"https:\/\/www.biobrueder.de\/index.php?rest_route=%2Fwp%2Fv2%2Fcomments&post=682"}],"version-history":[{"count":4,"href":"https:\/\/www.biobrueder.de\/index.php?rest_route=\/wp\/v2\/pages\/682\/revisions"}],"predecessor-version":[{"id":912,"href":"https:\/\/www.biobrueder.de\/index.php?rest_route=\/wp\/v2\/pages\/682\/revisions\/912"}],"wp:attachment":[{"href":"https:\/\/www.biobrueder.de\/index.php?rest_route=%2Fwp%2Fv2%2Fmedia&parent=682"}],"curies":[{"name":"wp","href":"https:\/\/api.w.org\/{rel}","templated":true}]}}